{"id":560,"date":"2024-09-06T00:58:13","date_gmt":"2024-09-06T00:58:13","guid":{"rendered":"https:\/\/impactasolutions.com\/?page_id=560"},"modified":"2024-09-06T01:10:03","modified_gmt":"2024-09-06T01:10:03","slug":"servicios","status":"publish","type":"page","link":"https:\/\/impactasolutions.com\/?page_id=560","title":{"rendered":"SERVICIOS"},"content":{"rendered":"\n<p><strong>Soluciones de Ingenier\u00eda<\/strong>: buscamos brindarle asesor\u00eda para la administraci\u00f3n y valoraci\u00f3n de su cartera inmobiliaria, as\u00ed como asesor\u00eda de alta calidad en el desarrollo de nuevos proyectos inmobiliarios. Adicionalmente, se cuenta con experiencia en la administraci\u00f3n y supervisi\u00f3n de proyectos de ingenier\u00eda de alta envergadura.<\/p>\n\n\n\n<p><br><strong>Soluciones tecnol\u00f3gicas<\/strong>: ofrecemos evaluaciones de las necesidades tecnol\u00f3gicas que requiere su empresa y gestionamos grupos de trabajo para la implementaci\u00f3n de dichas necesidades tecnol\u00f3gicas.<\/p>\n\n\n\n<p><br><strong>Aval\u00faos<\/strong>: brindamos servicios de valoraci\u00f3n pericial y financiera de inmuebles para la administraci\u00f3n de su portafolio. Adicionalmente, le brindamos asesor\u00eda en la valoraci\u00f3n financiera de su empresa para fusiones y adquisiciones.<\/p>\n\n\n\n<p><br><strong>Estudios Econ\u00f3micos<\/strong>: le brindamos una gama de estudios de entorno econ\u00f3mico en el que est\u00e1 inmerso su empresa. Ofrecemos estudios de evaluaci\u00f3n de impacto de implementaci\u00f3n de pol\u00edticas p\u00fablicas, simulaciones de efectos econ\u00f3micos de potenciales pol\u00edticas p\u00fablicas, as\u00ed como an\u00e1lisis de datos y pron\u00f3stico de variables econ\u00f3micas. Por \u00faltimo, le ofrecemos soluciones de anal\u00edtica de datos para toma de decisiones.<\/p>\n","protected":false},"excerpt":{"rendered":"<p>Soluciones de Ingenier\u00eda: buscamos brindarle asesor\u00eda para la administraci\u00f3n y valoraci\u00f3n de su cartera inmobiliaria, as\u00ed como asesor\u00eda de alta calidad en el desarrollo de nuevos proyectos inmobiliarios. Adicionalmente, se cuenta con experiencia en la administraci\u00f3n y supervisi\u00f3n de proyectos de ingenier\u00eda de alta envergadura. Soluciones tecnol\u00f3gicas: ofrecemos evaluaciones de las necesidades tecnol\u00f3gicas que requiere [&hellip;]<\/p>\n","protected":false},"author":2,"featured_media":0,"parent":0,"menu_order":0,"comment_status":"closed","ping_status":"closed","template":"","meta":[],"_links":{"self":[{"href":"https:\/\/impactasolutions.com\/index.php?rest_route=\/wp\/v2\/pages\/560"}],"collection":[{"href":"https:\/\/impactasolutions.com\/index.php?rest_route=\/wp\/v2\/pages"}],"about":[{"href":"https:\/\/impactasolutions.com\/index.php?rest_route=\/wp\/v2\/types\/page"}],"author":[{"embeddable":true,"href":"https:\/\/impactasolutions.com\/index.php?rest_route=\/wp\/v2\/users\/2"}],"replies":[{"embeddable":true,"href":"https:\/\/impactasolutions.com\/index.php?rest_route=%2Fwp%2Fv2%2Fcomments&post=560"}],"version-history":[{"count":2,"href":"https:\/\/impactasolutions.com\/index.php?rest_route=\/wp\/v2\/pages\/560\/revisions"}],"predecessor-version":[{"id":578,"href":"https:\/\/impactasolutions.com\/index.php?rest_route=\/wp\/v2\/pages\/560\/revisions\/578"}],"wp:attachment":[{"href":"https:\/\/impactasolutions.com\/index.php?rest_route=%2Fwp%2Fv2%2Fmedia&parent=560"}],"curies":[{"name":"wp","href":"https:\/\/api.w.org\/{rel}","templated":true}]}}