{"id":566,"date":"2024-09-06T01:01:44","date_gmt":"2024-09-06T01:01:44","guid":{"rendered":"https:\/\/impactasolutions.com\/?page_id=566"},"modified":"2025-10-03T22:38:46","modified_gmt":"2025-10-03T22:38:46","slug":"servicios-de-ingenieria","status":"publish","type":"page","link":"https:\/\/impactasolutions.com\/?page_id=566","title":{"rendered":"SERVICIOS DE INGENIER\u00cdA"},"content":{"rendered":"\n<figure class=\"wp-block-image size-large\"><img decoding=\"async\" loading=\"lazy\" width=\"1024\" height=\"358\" src=\"https:\/\/impactasolutions.com\/wp-content\/uploads\/2024\/09\/servicios_ingenieria-1024x358.jpg\" alt=\"\" class=\"wp-image-644\" srcset=\"https:\/\/impactasolutions.com\/wp-content\/uploads\/2024\/09\/servicios_ingenieria-1024x358.jpg 1024w, https:\/\/impactasolutions.com\/wp-content\/uploads\/2024\/09\/servicios_ingenieria-300x105.jpg 300w, https:\/\/impactasolutions.com\/wp-content\/uploads\/2024\/09\/servicios_ingenieria-768x269.jpg 768w, https:\/\/impactasolutions.com\/wp-content\/uploads\/2024\/09\/servicios_ingenieria-1536x538.jpg 1536w, https:\/\/impactasolutions.com\/wp-content\/uploads\/2024\/09\/servicios_ingenieria.jpg 2000w\" sizes=\"(max-width: 1024px) 100vw, 1024px\" \/><\/figure>\n\n\n\n<p>Buscamos brindarle asesor\u00eda para la administraci\u00f3n y valoraci\u00f3n de su cartera inmobiliaria, as\u00ed como asesor\u00eda de alta calidad en el desarrollo de nuevos proyectos inmobiliarios. Adicionalmente, se cuenta con experiencia en la administraci\u00f3n y supervisi\u00f3n de proyectos de ingenier\u00eda de alta envergadura.<\/p>\n\n\n\n<figure class=\"wp-block-image size-full\"><img decoding=\"async\" loading=\"lazy\" width=\"473\" height=\"148\" src=\"http:\/\/impactasolutions.com\/wp-content\/uploads\/2025\/10\/WhatsApp-Image-2025-09-30-at-09.49.34.jpeg\" alt=\"\" class=\"wp-image-788\" srcset=\"https:\/\/impactasolutions.com\/wp-content\/uploads\/2025\/10\/WhatsApp-Image-2025-09-30-at-09.49.34.jpeg 473w, https:\/\/impactasolutions.com\/wp-content\/uploads\/2025\/10\/WhatsApp-Image-2025-09-30-at-09.49.34-300x94.jpeg 300w\" sizes=\"(max-width: 473px) 100vw, 473px\" \/><\/figure>\n\n\n\n<figure class=\"wp-block-image size-full\"><img decoding=\"async\" loading=\"lazy\" width=\"473\" height=\"134\" src=\"http:\/\/impactasolutions.com\/wp-content\/uploads\/2025\/10\/WhatsApp-Image-2025-09-30-at-09.49.28.jpeg\" alt=\"\" class=\"wp-image-787\" srcset=\"https:\/\/impactasolutions.com\/wp-content\/uploads\/2025\/10\/WhatsApp-Image-2025-09-30-at-09.49.28.jpeg 473w, https:\/\/impactasolutions.com\/wp-content\/uploads\/2025\/10\/WhatsApp-Image-2025-09-30-at-09.49.28-300x85.jpeg 300w\" sizes=\"(max-width: 473px) 100vw, 473px\" \/><\/figure>\n","protected":false},"excerpt":{"rendered":"<p>Buscamos brindarle asesor\u00eda para la administraci\u00f3n y valoraci\u00f3n de su cartera inmobiliaria, as\u00ed como asesor\u00eda de alta calidad en el desarrollo de nuevos proyectos inmobiliarios. Adicionalmente, se cuenta con experiencia en la administraci\u00f3n y supervisi\u00f3n de proyectos de ingenier\u00eda de alta envergadura.<\/p>\n","protected":false},"author":2,"featured_media":0,"parent":0,"menu_order":0,"comment_status":"closed","ping_status":"closed","template":"","meta":[],"_links":{"self":[{"href":"https:\/\/impactasolutions.com\/index.php?rest_route=\/wp\/v2\/pages\/566"}],"collection":[{"href":"https:\/\/impactasolutions.com\/index.php?rest_route=\/wp\/v2\/pages"}],"about":[{"href":"https:\/\/impactasolutions.com\/index.php?rest_route=\/wp\/v2\/types\/page"}],"author":[{"embeddable":true,"href":"https:\/\/impactasolutions.com\/index.php?rest_route=\/wp\/v2\/users\/2"}],"replies":[{"embeddable":true,"href":"https:\/\/impactasolutions.com\/index.php?rest_route=%2Fwp%2Fv2%2Fcomments&post=566"}],"version-history":[{"count":4,"href":"https:\/\/impactasolutions.com\/index.php?rest_route=\/wp\/v2\/pages\/566\/revisions"}],"predecessor-version":[{"id":793,"href":"https:\/\/impactasolutions.com\/index.php?rest_route=\/wp\/v2\/pages\/566\/revisions\/793"}],"wp:attachment":[{"href":"https:\/\/impactasolutions.com\/index.php?rest_route=%2Fwp%2Fv2%2Fmedia&parent=566"}],"curies":[{"name":"wp","href":"https:\/\/api.w.org\/{rel}","templated":true}]}}