{"id":572,"date":"2024-09-06T01:04:11","date_gmt":"2024-09-06T01:04:11","guid":{"rendered":"https:\/\/impactasolutions.com\/?page_id=572"},"modified":"2024-09-08T05:40:57","modified_gmt":"2024-09-08T05:40:57","slug":"avaluos","status":"publish","type":"page","link":"https:\/\/impactasolutions.com\/?page_id=572","title":{"rendered":"AVAL\u00daOS"},"content":{"rendered":"\n<figure class=\"wp-block-image size-large\"><img decoding=\"async\" loading=\"lazy\" width=\"1024\" height=\"357\" src=\"https:\/\/impactasolutions.com\/wp-content\/uploads\/2024\/09\/avaluos-1024x357.jpg\" alt=\"\" class=\"wp-image-650\" srcset=\"https:\/\/impactasolutions.com\/wp-content\/uploads\/2024\/09\/avaluos-1024x357.jpg 1024w, https:\/\/impactasolutions.com\/wp-content\/uploads\/2024\/09\/avaluos-300x105.jpg 300w, https:\/\/impactasolutions.com\/wp-content\/uploads\/2024\/09\/avaluos-768x268.jpg 768w, https:\/\/impactasolutions.com\/wp-content\/uploads\/2024\/09\/avaluos-1536x536.jpg 1536w, https:\/\/impactasolutions.com\/wp-content\/uploads\/2024\/09\/avaluos.jpg 2000w\" sizes=\"(max-width: 1024px) 100vw, 1024px\" \/><\/figure>\n\n\n\n<p>Brindamos servicios de valoraci\u00f3n pericial y financiera de inmuebles para la administraci\u00f3n de su portafolio. Adicionalmente, le brindamos asesor\u00eda en la valoraci\u00f3n financiera de su empresa para fusiones y adquisiciones.<\/p>\n","protected":false},"excerpt":{"rendered":"<p>Brindamos servicios de valoraci\u00f3n pericial y financiera de inmuebles para la administraci\u00f3n de su portafolio. Adicionalmente, le brindamos asesor\u00eda en la valoraci\u00f3n financiera de su empresa para fusiones y adquisiciones.<\/p>\n","protected":false},"author":2,"featured_media":0,"parent":0,"menu_order":0,"comment_status":"closed","ping_status":"closed","template":"","meta":[],"_links":{"self":[{"href":"https:\/\/impactasolutions.com\/index.php?rest_route=\/wp\/v2\/pages\/572"}],"collection":[{"href":"https:\/\/impactasolutions.com\/index.php?rest_route=\/wp\/v2\/pages"}],"about":[{"href":"https:\/\/impactasolutions.com\/index.php?rest_route=\/wp\/v2\/types\/page"}],"author":[{"embeddable":true,"href":"https:\/\/impactasolutions.com\/index.php?rest_route=\/wp\/v2\/users\/2"}],"replies":[{"embeddable":true,"href":"https:\/\/impactasolutions.com\/index.php?rest_route=%2Fwp%2Fv2%2Fcomments&post=572"}],"version-history":[{"count":4,"href":"https:\/\/impactasolutions.com\/index.php?rest_route=\/wp\/v2\/pages\/572\/revisions"}],"predecessor-version":[{"id":651,"href":"https:\/\/impactasolutions.com\/index.php?rest_route=\/wp\/v2\/pages\/572\/revisions\/651"}],"wp:attachment":[{"href":"https:\/\/impactasolutions.com\/index.php?rest_route=%2Fwp%2Fv2%2Fmedia&parent=572"}],"curies":[{"name":"wp","href":"https:\/\/api.w.org\/{rel}","templated":true}]}}