{"id":7,"date":"2023-10-08T05:30:30","date_gmt":"2023-10-08T05:30:30","guid":{"rendered":"http:\/\/impactasolutions.com\/?page_id=7"},"modified":"2025-09-23T05:33:25","modified_gmt":"2025-09-23T05:33:25","slug":"contacto","status":"publish","type":"page","link":"https:\/\/impactasolutions.com\/?page_id=7","title":{"rendered":"CONTACTO"},"content":{"rendered":"\n<div class=\"wp-block-columns is-layout-flex wp-container-2\">\n<div class=\"wp-block-column is-layout-flow\">\n<p class=\"has-text-color\" style=\"color:#6a6a6a;font-size:16px\">Si usted tiene alguna consulta por favor no dude en contactar a nuestros profesionales:<\/p>\n<\/div>\n<\/div>\n\n\n\n<div class=\"wp-block-columns is-layout-flex wp-container-16\">\n<div class=\"wp-block-column is-layout-flow\">\n<div class=\"wp-block-columns are-vertically-aligned-top is-layout-flex wp-container-6\">\n<div class=\"wp-block-column is-vertically-aligned-top is-layout-flow\" style=\"flex-basis:33.33%\">\n<figure class=\"wp-block-image size-full\"><img decoding=\"async\" loading=\"lazy\" width=\"500\" height=\"500\" src=\"https:\/\/impactasolutions.com\/wp-content\/uploads\/2024\/09\/greivin.jpeg\" alt=\"\" class=\"wp-image-527\" srcset=\"https:\/\/impactasolutions.com\/wp-content\/uploads\/2024\/09\/greivin.jpeg 500w, https:\/\/impactasolutions.com\/wp-content\/uploads\/2024\/09\/greivin-300x300.jpeg 300w, https:\/\/impactasolutions.com\/wp-content\/uploads\/2024\/09\/greivin-150x150.jpeg 150w\" sizes=\"(max-width: 500px) 100vw, 500px\" \/><\/figure>\n<\/div>\n\n\n\n<div class=\"wp-block-column is-vertically-aligned-top is-layout-flow\" style=\"flex-basis:66.66%\">\n<p class=\"has-text-color\" style=\"color:#6a6a6a;font-size:16px\"><strong>Greivin Gerardo Mora Vargas<\/strong><br>Managing Director, Co-Founder<br>Tel\u00e9fono: +506 8735-2262<br>Email: <a href=\"mailto:moravg@impactasolutions.com\">moravg@impactasolutions.com<\/a><\/p>\n\n\n\n<ul class=\"wp-block-social-links is-layout-flex\"><li class=\"wp-social-link wp-social-link-linkedin wp-block-social-link\"><a rel=\" noopener nofollow\" target=\"_blank\" href=\"https:\/\/www.linkedin.com\/in\/greivin-mora-941a6436\/\" class=\"wp-block-social-link-anchor\"><svg width=\"24\" height=\"24\" viewBox=\"0 0 24 24\" version=\"1.1\" xmlns=\"http:\/\/www.w3.org\/2000\/svg\" aria-hidden=\"true\" focusable=\"false\"><path d=\"M19.7,3H4.3C3.582,3,3,3.582,3,4.3v15.4C3,20.418,3.582,21,4.3,21h15.4c0.718,0,1.3-0.582,1.3-1.3V4.3 C21,3.582,20.418,3,19.7,3z M8.339,18.338H5.667v-8.59h2.672V18.338z M7.004,8.574c-0.857,0-1.549-0.694-1.549-1.548 c0-0.855,0.691-1.548,1.549-1.548c0.854,0,1.547,0.694,1.547,1.548C8.551,7.881,7.858,8.574,7.004,8.574z M18.339,18.338h-2.669 v-4.177c0-0.996-0.017-2.278-1.387-2.278c-1.389,0-1.601,1.086-1.601,2.206v4.249h-2.667v-8.59h2.559v1.174h0.037 c0.356-0.675,1.227-1.387,2.526-1.387c2.703,0,3.203,1.779,3.203,4.092V18.338z\"><\/path><\/svg><span class=\"wp-block-social-link-label screen-reader-text\">LinkedIn<\/span><\/a><\/li><\/ul>\n<\/div>\n<\/div>\n\n\n\n<div class=\"wp-block-columns are-vertically-aligned-top is-layout-flex wp-container-10\">\n<div class=\"wp-block-column is-vertically-aligned-top is-layout-flow\" style=\"flex-basis:33.33%\">\n<figure class=\"wp-block-image size-full\"><img decoding=\"async\" loading=\"lazy\" width=\"500\" height=\"500\" src=\"https:\/\/impactasolutions.com\/wp-content\/uploads\/2023\/12\/luis_fernando_corrales.png\" alt=\"\" class=\"wp-image-474\" srcset=\"https:\/\/impactasolutions.com\/wp-content\/uploads\/2023\/12\/luis_fernando_corrales.png 500w, https:\/\/impactasolutions.com\/wp-content\/uploads\/2023\/12\/luis_fernando_corrales-300x300.png 300w, https:\/\/impactasolutions.com\/wp-content\/uploads\/2023\/12\/luis_fernando_corrales-150x150.png 150w\" sizes=\"(max-width: 500px) 100vw, 500px\" \/><\/figure>\n<\/div>\n\n\n\n<div class=\"wp-block-column is-vertically-aligned-top is-layout-flow\" style=\"flex-basis:66.66%\">\n<p class=\"has-text-color\" style=\"color:#6a6a6a;font-size:16px\"><strong>Luis Fernando Corrales Lara<\/strong><br>Managing Director, Co-Founder<br>Tel\u00e9fono: +1 202- 577-5314<br>Email: <a href=\"mailto:corraleslf@impactasolutions.com\">corraleslf@impactasolutions.com<\/a><\/p>\n\n\n\n<ul class=\"wp-block-social-links is-layout-flex\"><li class=\"wp-social-link wp-social-link-linkedin wp-block-social-link\"><a rel=\" noopener nofollow\" target=\"_blank\" href=\"https:\/\/www.linkedin.com\/in\/luis-fernando-corrales-b784842b\/\" class=\"wp-block-social-link-anchor\"><svg width=\"24\" height=\"24\" viewBox=\"0 0 24 24\" version=\"1.1\" xmlns=\"http:\/\/www.w3.org\/2000\/svg\" aria-hidden=\"true\" focusable=\"false\"><path d=\"M19.7,3H4.3C3.582,3,3,3.582,3,4.3v15.4C3,20.418,3.582,21,4.3,21h15.4c0.718,0,1.3-0.582,1.3-1.3V4.3 C21,3.582,20.418,3,19.7,3z M8.339,18.338H5.667v-8.59h2.672V18.338z M7.004,8.574c-0.857,0-1.549-0.694-1.549-1.548 c0-0.855,0.691-1.548,1.549-1.548c0.854,0,1.547,0.694,1.547,1.548C8.551,7.881,7.858,8.574,7.004,8.574z M18.339,18.338h-2.669 v-4.177c0-0.996-0.017-2.278-1.387-2.278c-1.389,0-1.601,1.086-1.601,2.206v4.249h-2.667v-8.59h2.559v1.174h0.037 c0.356-0.675,1.227-1.387,2.526-1.387c2.703,0,3.203,1.779,3.203,4.092V18.338z\"><\/path><\/svg><span class=\"wp-block-social-link-label screen-reader-text\">LinkedIn<\/span><\/a><\/li><\/ul>\n<\/div>\n<\/div>\n\n\n\n<div class=\"wp-block-columns are-vertically-aligned-top is-layout-flex wp-container-14\">\n<div class=\"wp-block-column is-vertically-aligned-top is-layout-flow\" style=\"flex-basis:33.33%\">\n<figure class=\"wp-block-image size-full\"><img decoding=\"async\" loading=\"lazy\" width=\"500\" height=\"500\" src=\"https:\/\/impactasolutions.com\/wp-content\/uploads\/2024\/10\/juancarlosmora.jpeg\" alt=\"\" class=\"wp-image-669\" srcset=\"https:\/\/impactasolutions.com\/wp-content\/uploads\/2024\/10\/juancarlosmora.jpeg 500w, https:\/\/impactasolutions.com\/wp-content\/uploads\/2024\/10\/juancarlosmora-300x300.jpeg 300w, https:\/\/impactasolutions.com\/wp-content\/uploads\/2024\/10\/juancarlosmora-150x150.jpeg 150w\" sizes=\"(max-width: 500px) 100vw, 500px\" \/><\/figure>\n<\/div>\n\n\n\n<div class=\"wp-block-column is-vertically-aligned-top is-layout-flow\" style=\"flex-basis:66.66%\">\n<p class=\"has-text-color\" style=\"color:#6a6a6a;font-size:16px\"><strong>Juan Carlos Mora Ram\u00edrez<\/strong><br>Civil Engineering Specialist<br>Tel\u00e9fono: +506 8854-1208<br>Email: <a href=\"mailto:morarjc@impactasolutions.com\">morarjc@impactasolutions.com<\/a><\/p>\n\n\n\n<ul class=\"wp-block-social-links is-layout-flex\"><li class=\"wp-social-link wp-social-link-linkedin wp-block-social-link\"><a rel=\" noopener nofollow\" target=\"_blank\" href=\"https:\/\/www.linkedin.com\" class=\"wp-block-social-link-anchor\"><svg width=\"24\" height=\"24\" viewBox=\"0 0 24 24\" version=\"1.1\" xmlns=\"http:\/\/www.w3.org\/2000\/svg\" aria-hidden=\"true\" focusable=\"false\"><path d=\"M19.7,3H4.3C3.582,3,3,3.582,3,4.3v15.4C3,20.418,3.582,21,4.3,21h15.4c0.718,0,1.3-0.582,1.3-1.3V4.3 C21,3.582,20.418,3,19.7,3z M8.339,18.338H5.667v-8.59h2.672V18.338z M7.004,8.574c-0.857,0-1.549-0.694-1.549-1.548 c0-0.855,0.691-1.548,1.549-1.548c0.854,0,1.547,0.694,1.547,1.548C8.551,7.881,7.858,8.574,7.004,8.574z M18.339,18.338h-2.669 v-4.177c0-0.996-0.017-2.278-1.387-2.278c-1.389,0-1.601,1.086-1.601,2.206v4.249h-2.667v-8.59h2.559v1.174h0.037 c0.356-0.675,1.227-1.387,2.526-1.387c2.703,0,3.203,1.779,3.203,4.092V18.338z\"><\/path><\/svg><span class=\"wp-block-social-link-label screen-reader-text\">LinkedIn<\/span><\/a><\/li><\/ul>\n<\/div>\n<\/div>\n<\/div>\n<\/div>\n\n\n\n<hr class=\"wp-block-separator has-text-color has-cyan-bluish-gray-color has-alpha-channel-opacity has-cyan-bluish-gray-background-color has-background\"\/>\n\n\n\n<div class=\"wp-block-columns is-layout-flex wp-container-22\">\n<div class=\"wp-block-column is-layout-flow\">\n<p class=\"has-text-color\" style=\"color:#6a6a6a;font-size:14px\"><strong>Juan Carlos Mora Vargas<\/strong><br>Finance and Accounting Specialist<br>Email: <a href=\"mailto:moravjc@impactasolutions.com\" target=\"_blank\" rel=\"noreferrer noopener\">moravjc@impactasolutions.com<\/a><\/p>\n\n\n\n<ul class=\"wp-block-social-links is-layout-flex\"><li class=\"wp-social-link wp-social-link-linkedin wp-block-social-link\"><a rel=\" noopener nofollow\" target=\"_blank\" href=\"https:\/\/www.linkedin.com\/in\/juan-carlos-mora-vargas-21b122219\/\" class=\"wp-block-social-link-anchor\"><svg width=\"24\" height=\"24\" viewBox=\"0 0 24 24\" version=\"1.1\" xmlns=\"http:\/\/www.w3.org\/2000\/svg\" aria-hidden=\"true\" focusable=\"false\"><path d=\"M19.7,3H4.3C3.582,3,3,3.582,3,4.3v15.4C3,20.418,3.582,21,4.3,21h15.4c0.718,0,1.3-0.582,1.3-1.3V4.3 C21,3.582,20.418,3,19.7,3z M8.339,18.338H5.667v-8.59h2.672V18.338z M7.004,8.574c-0.857,0-1.549-0.694-1.549-1.548 c0-0.855,0.691-1.548,1.549-1.548c0.854,0,1.547,0.694,1.547,1.548C8.551,7.881,7.858,8.574,7.004,8.574z M18.339,18.338h-2.669 v-4.177c0-0.996-0.017-2.278-1.387-2.278c-1.389,0-1.601,1.086-1.601,2.206v4.249h-2.667v-8.59h2.559v1.174h0.037 c0.356-0.675,1.227-1.387,2.526-1.387c2.703,0,3.203,1.779,3.203,4.092V18.338z\"><\/path><\/svg><span class=\"wp-block-social-link-label screen-reader-text\">LinkedIn<\/span><\/a><\/li><\/ul>\n<\/div>\n\n\n\n<div class=\"wp-block-column is-layout-flow\">\n<p class=\"has-text-color\" style=\"color:#6a6a6a;font-size:14px\"><strong>Natalia Blanco C\u00f3rdoba<\/strong><br>Administrative Specialist<br>Email: <a href=\"mailto:blancocn@impactasolutions.com\">blancocn@impactasolutions.com<\/a><\/p>\n\n\n\n<ul class=\"wp-block-social-links is-layout-flex\"><li class=\"wp-social-link wp-social-link-linkedin wp-block-social-link\"><a rel=\" noopener nofollow\" target=\"_blank\" href=\"https:\/\/www.linkedin.com\/in\/natalia-blanco-471800a\/\" class=\"wp-block-social-link-anchor\"><svg width=\"24\" height=\"24\" viewBox=\"0 0 24 24\" version=\"1.1\" xmlns=\"http:\/\/www.w3.org\/2000\/svg\" aria-hidden=\"true\" focusable=\"false\"><path d=\"M19.7,3H4.3C3.582,3,3,3.582,3,4.3v15.4C3,20.418,3.582,21,4.3,21h15.4c0.718,0,1.3-0.582,1.3-1.3V4.3 C21,3.582,20.418,3,19.7,3z M8.339,18.338H5.667v-8.59h2.672V18.338z M7.004,8.574c-0.857,0-1.549-0.694-1.549-1.548 c0-0.855,0.691-1.548,1.549-1.548c0.854,0,1.547,0.694,1.547,1.548C8.551,7.881,7.858,8.574,7.004,8.574z M18.339,18.338h-2.669 v-4.177c0-0.996-0.017-2.278-1.387-2.278c-1.389,0-1.601,1.086-1.601,2.206v4.249h-2.667v-8.59h2.559v1.174h0.037 c0.356-0.675,1.227-1.387,2.526-1.387c2.703,0,3.203,1.779,3.203,4.092V18.338z\"><\/path><\/svg><span class=\"wp-block-social-link-label screen-reader-text\">LinkedIn<\/span><\/a><\/li><\/ul>\n<\/div>\n\n\n\n<div class=\"wp-block-column is-layout-flow\">\n<p class=\"has-text-color\" style=\"color:#6a6a6a;font-size:14px\"><strong>Karla Corrales Jara<\/strong><br>Information Technology Specialist<br>Email: <a href=\"mailto:corraleska@impactasolutions.com\">corraleska@impactasolutions.com<\/a><\/p>\n<\/div>\n<\/div>\n\n\n\n<p class=\"has-text-color\" style=\"color:#6a6a6a;font-size:14px\"><strong>Viviana Mora Vargas<\/strong><br>Asistente Administrativa<br>Email: <a href=\"mailto:vivi.mmv@gmail.com\" data-type=\"mailto\" data-id=\"mailto:vivi.mmv@gmail.com\">vivi.mmv@gmail.com<\/a><\/p>\n","protected":false},"excerpt":{"rendered":"<p>Si usted tiene alguna consulta por favor no dude en contactar a nuestros profesionales: Greivin Gerardo Mora VargasManaging Director, Co-FounderTel\u00e9fono: +506 8735-2262Email: moravg@impactasolutions.com Luis Fernando Corrales LaraManaging Director, Co-FounderTel\u00e9fono: +1 202- 577-5314Email: corraleslf@impactasolutions.com Juan Carlos Mora Ram\u00edrezCivil Engineering SpecialistTel\u00e9fono: +506 8854-1208Email: morarjc@impactasolutions.com Juan Carlos Mora VargasFinance and Accounting SpecialistEmail: moravjc@impactasolutions.com Natalia Blanco C\u00f3rdobaAdministrative SpecialistEmail: blancocn@impactasolutions.com [&hellip;]<\/p>\n","protected":false},"author":1,"featured_media":0,"parent":0,"menu_order":0,"comment_status":"closed","ping_status":"closed","template":"","meta":[],"_links":{"self":[{"href":"https:\/\/impactasolutions.com\/index.php?rest_route=\/wp\/v2\/pages\/7"}],"collection":[{"href":"https:\/\/impactasolutions.com\/index.php?rest_route=\/wp\/v2\/pages"}],"about":[{"href":"https:\/\/impactasolutions.com\/index.php?rest_route=\/wp\/v2\/types\/page"}],"author":[{"embeddable":true,"href":"https:\/\/impactasolutions.com\/index.php?rest_route=\/wp\/v2\/users\/1"}],"replies":[{"embeddable":true,"href":"https:\/\/impactasolutions.com\/index.php?rest_route=%2Fwp%2Fv2%2Fcomments&post=7"}],"version-history":[{"count":73,"href":"https:\/\/impactasolutions.com\/index.php?rest_route=\/wp\/v2\/pages\/7\/revisions"}],"predecessor-version":[{"id":784,"href":"https:\/\/impactasolutions.com\/index.php?rest_route=\/wp\/v2\/pages\/7\/revisions\/784"}],"wp:attachment":[{"href":"https:\/\/impactasolutions.com\/index.php?rest_route=%2Fwp%2Fv2%2Fmedia&parent=7"}],"curies":[{"name":"wp","href":"https:\/\/api.w.org\/{rel}","templated":true}]}}