{"id":9,"date":"2023-10-08T05:30:31","date_gmt":"2023-10-08T05:30:31","guid":{"rendered":"http:\/\/impactasolutions.com\/?page_id=9"},"modified":"2024-09-09T02:29:27","modified_gmt":"2024-09-09T02:29:27","slug":"blog","status":"publish","type":"page","link":"https:\/\/impactasolutions.com\/?page_id=9","title":{"rendered":"ART\u00cdCULOS"},"content":{"rendered":"<ul class=\"wp-block-latest-posts__list is-grid columns-3 wp-block-latest-posts\"><li><div class=\"wp-block-latest-posts__featured-image aligncenter\"><a href=\"https:\/\/impactasolutions.com\/?p=587\" aria-label=\"\u00bfC\u00f3mo mantener la confianza del mercado en los fondos de inversi\u00f3n inmobiliarios?\"><img width=\"300\" height=\"200\" src=\"https:\/\/impactasolutions.com\/wp-content\/uploads\/2024\/09\/08-1-300x200.png\" class=\"attachment-medium size-medium wp-post-image\" alt=\"\" decoding=\"async\" loading=\"lazy\" style=\"\" srcset=\"https:\/\/impactasolutions.com\/wp-content\/uploads\/2024\/09\/08-1-300x200.png 300w, https:\/\/impactasolutions.com\/wp-content\/uploads\/2024\/09\/08-1-1024x683.png 1024w, https:\/\/impactasolutions.com\/wp-content\/uploads\/2024\/09\/08-1-768x512.png 768w, https:\/\/impactasolutions.com\/wp-content\/uploads\/2024\/09\/08-1.png 1350w\" sizes=\"(max-width: 300px) 100vw, 300px\" \/><\/a><\/div><a class=\"wp-block-latest-posts__post-title\" href=\"https:\/\/impactasolutions.com\/?p=587\">\u00bfC\u00f3mo mantener la confianza del mercado en los fondos de inversi\u00f3n inmobiliarios?<\/a><div class=\"wp-block-latest-posts__post-excerpt\">Recientemente, el mercado nacional financiero ha sido testigo de cuestionamientos sobre los precios en los [&hellip;]<\/div><\/li>\n<li><div class=\"wp-block-latest-posts__featured-image aligncenter\"><a href=\"https:\/\/impactasolutions.com\/?p=618\" aria-label=\"Conozca la nueva metodolog\u00eda de aval\u00faos de la Sugeval\"><img width=\"300\" height=\"200\" src=\"https:\/\/impactasolutions.com\/wp-content\/uploads\/2024\/09\/RLC2A73IXJHT7DFN4SJBBDUZFQ-300x200.png\" class=\"attachment-medium size-medium wp-post-image\" alt=\"\" decoding=\"async\" loading=\"lazy\" style=\"\" srcset=\"https:\/\/impactasolutions.com\/wp-content\/uploads\/2024\/09\/RLC2A73IXJHT7DFN4SJBBDUZFQ-300x200.png 300w, https:\/\/impactasolutions.com\/wp-content\/uploads\/2024\/09\/RLC2A73IXJHT7DFN4SJBBDUZFQ-1024x682.png 1024w, https:\/\/impactasolutions.com\/wp-content\/uploads\/2024\/09\/RLC2A73IXJHT7DFN4SJBBDUZFQ-768x512.png 768w, https:\/\/impactasolutions.com\/wp-content\/uploads\/2024\/09\/RLC2A73IXJHT7DFN4SJBBDUZFQ-1536x1024.png 1536w, https:\/\/impactasolutions.com\/wp-content\/uploads\/2024\/09\/RLC2A73IXJHT7DFN4SJBBDUZFQ.png 1613w\" sizes=\"(max-width: 300px) 100vw, 300px\" \/><\/a><\/div><a class=\"wp-block-latest-posts__post-title\" href=\"https:\/\/impactasolutions.com\/?p=618\">Conozca la nueva metodolog\u00eda de aval\u00faos de la Sugeval<\/a><div class=\"wp-block-latest-posts__post-excerpt\">\u00bfInvierte en Fondos de Inversi\u00f3n Inmobiliarios? Seg\u00fan la Superintendencia General de Valores (Sugeval), en Costa [&hellip;]<\/div><\/li>\n<li><div class=\"wp-block-latest-posts__featured-image aligncenter\"><a href=\"https:\/\/impactasolutions.com\/?p=625\" aria-label=\"Proyectos comerciales de menor tama\u00f1o adquieren protagonismo en el mercado\"><img width=\"300\" height=\"200\" src=\"https:\/\/impactasolutions.com\/wp-content\/uploads\/2024\/09\/XERDB2BOMBAADAJCPFII3KB75Q-300x200.png\" class=\"attachment-medium size-medium wp-post-image\" alt=\"\" decoding=\"async\" loading=\"lazy\" style=\"\" srcset=\"https:\/\/impactasolutions.com\/wp-content\/uploads\/2024\/09\/XERDB2BOMBAADAJCPFII3KB75Q-300x200.png 300w, https:\/\/impactasolutions.com\/wp-content\/uploads\/2024\/09\/XERDB2BOMBAADAJCPFII3KB75Q-1024x682.png 1024w, https:\/\/impactasolutions.com\/wp-content\/uploads\/2024\/09\/XERDB2BOMBAADAJCPFII3KB75Q-768x512.png 768w, https:\/\/impactasolutions.com\/wp-content\/uploads\/2024\/09\/XERDB2BOMBAADAJCPFII3KB75Q-1536x1024.png 1536w, https:\/\/impactasolutions.com\/wp-content\/uploads\/2024\/09\/XERDB2BOMBAADAJCPFII3KB75Q.png 1613w\" sizes=\"(max-width: 300px) 100vw, 300px\" \/><\/a><\/div><a class=\"wp-block-latest-posts__post-title\" href=\"https:\/\/impactasolutions.com\/?p=625\">Proyectos comerciales de menor tama\u00f1o adquieren protagonismo en el mercado<\/a><div class=\"wp-block-latest-posts__post-excerpt\">Los desarrolladores de proyectos comerciales parecen apuntar cada vez m\u00e1s a la creaci\u00f3n de inmuebles [&hellip;]<\/div><\/li>\n<li><div class=\"wp-block-latest-posts__featured-image aligncenter\"><a href=\"https:\/\/impactasolutions.com\/?p=597\" aria-label=\"Tendencias del sector inmobiliario de Costa Rica para 2024\"><img width=\"300\" height=\"200\" src=\"https:\/\/impactasolutions.com\/wp-content\/uploads\/2024\/09\/04-300x200.jpg\" class=\"attachment-medium size-medium wp-post-image\" alt=\"\" decoding=\"async\" loading=\"lazy\" style=\"\" srcset=\"https:\/\/impactasolutions.com\/wp-content\/uploads\/2024\/09\/04-300x200.jpg 300w, https:\/\/impactasolutions.com\/wp-content\/uploads\/2024\/09\/04-1024x683.jpg 1024w, https:\/\/impactasolutions.com\/wp-content\/uploads\/2024\/09\/04-768x512.jpg 768w, https:\/\/impactasolutions.com\/wp-content\/uploads\/2024\/09\/04-1536x1024.jpg 1536w, https:\/\/impactasolutions.com\/wp-content\/uploads\/2024\/09\/04.jpg 1806w\" sizes=\"(max-width: 300px) 100vw, 300px\" \/><\/a><\/div><a class=\"wp-block-latest-posts__post-title\" href=\"https:\/\/impactasolutions.com\/?p=597\">Tendencias del sector inmobiliario de Costa Rica para 2024<\/a><div class=\"wp-block-latest-posts__post-excerpt\">Para 2024, se espera que Costa Rica reporte una alta demanda de espacios, tanto para [&hellip;]<\/div><\/li>\n<li><div class=\"wp-block-latest-posts__featured-image aligncenter\"><a href=\"https:\/\/impactasolutions.com\/?p=604\" aria-label=\"\u00bfPiensa alquilar un local comercial en la GAM? Estas son las zonas m\u00e1s caras y m\u00e1s baratas para arrendar y su evoluci\u00f3n entre 2023 y 2024\"><img width=\"300\" height=\"200\" src=\"https:\/\/impactasolutions.com\/wp-content\/uploads\/2024\/09\/03-300x200.jpg\" class=\"attachment-medium size-medium wp-post-image\" alt=\"\" decoding=\"async\" loading=\"lazy\" style=\"\" srcset=\"https:\/\/impactasolutions.com\/wp-content\/uploads\/2024\/09\/03-300x200.jpg 300w, https:\/\/impactasolutions.com\/wp-content\/uploads\/2024\/09\/03-1024x682.jpg 1024w, https:\/\/impactasolutions.com\/wp-content\/uploads\/2024\/09\/03-768x512.jpg 768w, https:\/\/impactasolutions.com\/wp-content\/uploads\/2024\/09\/03-1536x1024.jpg 1536w, https:\/\/impactasolutions.com\/wp-content\/uploads\/2024\/09\/03.jpg 1613w\" sizes=\"(max-width: 300px) 100vw, 300px\" \/><\/a><\/div><a class=\"wp-block-latest-posts__post-title\" href=\"https:\/\/impactasolutions.com\/?p=604\">\u00bfPiensa alquilar un local comercial en la GAM? Estas son las zonas m\u00e1s caras y m\u00e1s baratas para arrendar y su evoluci\u00f3n entre 2023 y 2024<\/a><div class=\"wp-block-latest-posts__post-excerpt\">Los locales m\u00e1s demandados se concentran en zonas con alto tr\u00e1nsito peatonal y accesibilidad vehicular. [&hellip;]<\/div><\/li>\n<\/ul>","protected":false},"excerpt":{"rendered":"","protected":false},"author":1,"featured_media":0,"parent":0,"menu_order":0,"comment_status":"closed","ping_status":"closed","template":"","meta":[],"_links":{"self":[{"href":"https:\/\/impactasolutions.com\/index.php?rest_route=\/wp\/v2\/pages\/9"}],"collection":[{"href":"https:\/\/impactasolutions.com\/index.php?rest_route=\/wp\/v2\/pages"}],"about":[{"href":"https:\/\/impactasolutions.com\/index.php?rest_route=\/wp\/v2\/types\/page"}],"author":[{"embeddable":true,"href":"https:\/\/impactasolutions.com\/index.php?rest_route=\/wp\/v2\/users\/1"}],"replies":[{"embeddable":true,"href":"https:\/\/impactasolutions.com\/index.php?rest_route=%2Fwp%2Fv2%2Fcomments&post=9"}],"version-history":[{"count":33,"href":"https:\/\/impactasolutions.com\/index.php?rest_route=\/wp\/v2\/pages\/9\/revisions"}],"predecessor-version":[{"id":652,"href":"https:\/\/impactasolutions.com\/index.php?rest_route=\/wp\/v2\/pages\/9\/revisions\/652"}],"wp:attachment":[{"href":"https:\/\/impactasolutions.com\/index.php?rest_route=%2Fwp%2Fv2%2Fmedia&parent=9"}],"curies":[{"name":"wp","href":"https:\/\/api.w.org\/{rel}","templated":true}]}}